{"id":8,"date":"2020-08-07T23:19:14","date_gmt":"2020-08-07T23:19:14","guid":{"rendered":"https:\/\/incendio.pt\/security\/?page_id=8"},"modified":"2021-12-30T17:53:32","modified_gmt":"2021-12-30T17:53:32","slug":"seguranca-eletronica","status":"publish","type":"page","link":"https:\/\/incendio.pt\/security\/","title":{"rendered":"Seguran\u00e7a Eletr\u00f3nica"},"content":{"rendered":"\n<figure class=\"wp-block-image size-large\"><img loading=\"lazy\" width=\"1024\" height=\"768\" src=\"https:\/\/incendio.pt\/security\/wp-content\/uploads\/2020\/08\/security-2-1524666-1280x960-1-1024x768.jpg\" alt=\"\" class=\"wp-image-9\" srcset=\"https:\/\/incendio.pt\/security\/wp-content\/uploads\/2020\/08\/security-2-1524666-1280x960-1-1024x768.jpg 1024w, https:\/\/incendio.pt\/security\/wp-content\/uploads\/2020\/08\/security-2-1524666-1280x960-1-300x225.jpg 300w, https:\/\/incendio.pt\/security\/wp-content\/uploads\/2020\/08\/security-2-1524666-1280x960-1-768x576.jpg 768w, https:\/\/incendio.pt\/security\/wp-content\/uploads\/2020\/08\/security-2-1524666-1280x960-1.jpg 1280w\" sizes=\"(max-width: 1024px) 100vw, 1024px\" \/><\/figure>\n\n\n\n<h2 class=\"has-text-align-center has-text-color\" style=\"color:#1b96cb\">\u00cdNDICE<\/h2>\n\n\n<ul class=\"wp-block-categories-list wp-block-categories\">\t<li class=\"cat-item cat-item-1\"><a href=\"https:\/\/incendio.pt\/security\/category\/videovigilancia\/\">Videovigil\u00e2ncia (VSS)<\/a>\n<\/li>\n\t<li class=\"cat-item cat-item-3\"><a href=\"https:\/\/incendio.pt\/security\/category\/intrusao\/\">Alarme de Intrus\u00e3o (SAI)<\/a>\n<\/li>\n\t<li class=\"cat-item cat-item-4\"><a href=\"https:\/\/incendio.pt\/security\/category\/acessos\/\">Controlo de Acessos (SCAE)<\/a>\n<\/li>\n<\/ul>\n\n\n<hr class=\"wp-block-separator\"\/>\n\n\n\n<h6 class=\"has-text-align-center has-text-color\" style=\"color:#ff0004\">A Sec\u00e7\u00e3o de Security ainda n\u00e3o est\u00e1 atualizada com a ultima <strong>portaria 292\/2020<\/strong> (que entrou em vigor no dia 16 de fevereiro de 2021) devido a esta<strong> <\/strong>ainda levantar in\u00fameras quest\u00f5es ainda n\u00e3o respondidas.<\/h6>\n\n\n\n<h2 class=\"has-text-align-center has-text-color\" style=\"color:#0071a1\">LEGISLA\u00c7\u00c3O APLIC\u00c1VEL<\/h2>\n\n\n\n<p class=\"has-text-align-left\"><a href=\"http:\/\/incendio.pt\/documentos\/security\/1 Lei 46 2019 Regime atividade de seguran\u00e7a privada.pdf\">\u2022 <strong>Lei n\u00ba 46\/2019<\/strong> que altera a Lei n\u00ba 34\/2013  \u2010 Estabelece o regime do exerc\u00edcio da atividade de seguran\u00e7a privada<\/a><\/p>\n\n\n\n<p><a href=\"http:\/\/incendio.pt\/documentos\/security\/2 Portaria 292 2020 Prestacao de servicos seguranca e requisitos tecnicos minimos.pdf\">\u2022 <strong>Portaria n\u00ba 292\/2020<\/strong> que altera a Portaria n\u00ba 273\/2013 e Portaria n\u00ba 106\/2015 \u2013 Define as condi\u00e7\u00f5es espec\u00edficas da presta\u00e7\u00e3o de servi\u00e7os de seguran\u00e7a privada e os requisitos t\u00e9cnicos m\u00ednimos dos sistemas e medidas de seguran\u00e7a obrigat\u00f3rios<\/a><\/p>\n\n\n\n<p><a href=\"http:\/\/incendio.pt\/documentos\/security\/3 Lei 35 2019 medidas de seguran\u00e7a obrigat\u00f3rias em estabelecimentos de restauracao e bebidas.pdf\">\u2022 <strong>Lei n\u00ba 35\/2019<\/strong> que altera o Decreto\u2010Lei n\u00ba 135\/2014 &#8211; Estabelece o regime jur\u00eddico dos sistemas de seguran\u00e7a privada dos estabelecimentos de restaura\u00e7\u00e3o e de bebidas que disponham de salas ou de espa\u00e7os destinados a dan\u00e7a ou onde habitualmente se dance (discotecas e bares)<\/a><\/p>\n\n\n\n<p><a href=\"http:\/\/incendio.pt\/documentos\/security\/4 Lei 95 2021 - Utiliza\u00e7\u00e3o pelas for\u00e7as de seguran\u00e7a e ANEPC de sistemas de videovigil\u00e2ncia e bodycams.pdf\"> \u2022 <strong>Lei n\u00ba 95\/2021<\/strong> &#8211; Utiliza\u00e7\u00e3o das for\u00e7as de seguran\u00e7a e ANEPC de sistemas de videovigil\u00e2ncia e bodycams<\/a><\/p>\n\n\n\n<p><a href=\"http:\/\/incendio.pt\/documentos\/security\/5 Lei 58 2019 Assegura execucao de tratamento de dados.pdf\">  \u2022 <strong>Lei n\u00ba 58\/2019 <\/strong>&#8211; Assegura a execu\u00e7\u00e3o  do regulamento relativo \u00e0 prote\u00e7\u00e3o das pessoas singulares no que diz respeito ao tratamento de dados pessoais e \u00e0 livre circula\u00e7\u00e3o desses dados<\/a><\/p>\n\n\n\n<p><a href=\"http:\/\/incendio.pt\/documentos\/security\/6 Lei 59 2019 Regras relativas ao tratamento de dados pessoais.pdf\">   \u2022 <strong>Lei n\u00ba 59\/2019 <\/strong>&#8211; Aprova as regras relativas ao tratamento de dados pessoais<\/a><\/p>\n\n\n\n<p><a href=\"http:\/\/incendio.pt\/documentos\/security\/7 Lei 113 2019 Combate a violencia e xenofobismo espetaculos desportivos.pdf\">\u2022 <strong>Lei n\u00ba 113\/2019<\/strong> que altera a Lei n.\u00ba 52\/2013 &#8211; Estabelece o regime jur\u00eddico do combate \u00e0 viol\u00eancia, ao racismo, \u00e0 xenofobia e \u00e0 intoler\u00e2ncia nos espet\u00e1culos desportivos (est\u00e1dios)<\/a><\/p>\n\n\n\n<p><a href=\"http:\/\/incendio.pt\/documentos\/security\/8 Lei 54-2012 Combate ao furto e de receta\u00e7\u00e3o de metais n\u00e3o preciosos.pdf\">\u2022 <strong>Lei n\u00ba 54\/2012<\/strong> &#8211; Define os meios de preven\u00e7\u00e3o e combate ao furto e de receta\u00e7\u00e3o de metais n\u00e3o preciosos com valor comercial<\/a><\/p>\n\n\n\n<p><a href=\"http:\/\/incendio.pt\/documentos\/security\/9 Portaria 293 2020 Sistema de seguran\u00e7a obrigat\u00f3rio aplic\u00e1vel aos espet\u00e1culos e divertimentos.pdf\">\u2022 <strong>Portaria n.\u00ba293\/2020<\/strong> que altera a Portaria n.\u00ba 102\/2014  &#8211; Estabelece o sistema de seguran\u00e7a obrigat\u00f3rio aplic\u00e1vel aos espet\u00e1culos e divertimentos em recintos autorizados.<\/a><\/p>\n\n\n\n<p><li><a href=\"http:\/\/incendio.pt\/documentos\/security\/10 Portaria 83 2021 plantacao de Canabis.pdf\"><strong>Portaria n\u00ba 83\/2021<\/strong> Requisitos para atividades relacionadas com subst\u00e2ncias \u00e0 base da planta da can\u00e1bis<\/a><\/li><\/p>\n\n\n\n<p><a href=\"http:\/\/incendio.pt\/documentos\/security\/11 Portaria 372 2012 Requisitos T\u00e9cnicos m\u00ednimos das C\u00e2maras Fixas e Port\u00e1teis de Videovigil\u00e2ncia.pdf\">\u2022 <strong>Portaria n\u00ba 372\/2012<\/strong> \u2010 Fixa os Requisitos T\u00e9cnicos M\u00ednimos das C\u00e2maras Fixas e Port\u00e1teis de Videovigil\u00e2ncia<\/a><\/p>\n\n\n\n<p><a href=\"http:\/\/incendio.pt\/documentos\/security\/12 Portaria 373 2012 Modelo de avisos e simbologia da utiliza\u00e7\u00e3o de c\u00e2maras de v\u00eddeo pelas for\u00e7as e servi\u00e7os de seguran\u00e7a  .pdf\">\u2022 <strong>Portaria n\u00ba 373\/2012<\/strong> \u2010 Aprova o modelo de avisos e simbologia da utiliza\u00e7\u00e3o de c\u00e2maras de v\u00eddeo pelas for\u00e7as e servi\u00e7os de seguran\u00e7a em locais p\u00fablicos<\/a><\/p>\n\n\n\n<p><a href=\"http:\/\/incendio.pt\/documentos\/security\/13 Portaria 374 2012 Instalacao de CCTV protecao florestal em propriedade privada.pdf\">\u2022 <strong>Portaria n\u00ba 374\/2012<\/strong> \u2010 Estabelece o regime de instala\u00e7\u00e3o dos sistemas de prote\u00e7\u00e3o florestal e dete\u00e7\u00e3o de inc\u00eandios florestais em propriedade privada<\/a><\/p>\n\n\n\n<p><a href=\"http:\/\/incendio.pt\/documentos\/security\/14 Lei 53 2008 Lei de Seguran\u00e7a Interna.pdf\">\u2022  <strong>Lei n.\u00ba 53\/2008<\/strong> &#8211; Lei de seguran\u00e7a interna<\/a><\/p>\n\n\n\n<p>\u2022 <strong>Portaria n\u00ba 105\/2015<\/strong> que altera a Portaria n\u00ba 272\/2013<strong> <\/strong>\u2010 Define os requisitos e o procedimento de registo na DNPSP, das entidades de estudo e conce\u00e7\u00e3o, instala\u00e7\u00e3o e manuten\u00e7\u00e3o ou assist\u00eancia t\u00e9cnica de material e equipamento de seguran\u00e7a<\/p>\n\n\n\n<p>\u2022 <strong>Lei n.\u00ba 9\/2012 <\/strong>\u2010 utiliza\u00e7\u00e3o de c\u00e2maras de v\u00eddeo pelas for\u00e7as e servi\u00e7os de seguran\u00e7a em locais p\u00fablicos de utiliza\u00e7\u00e3o comum (locais p\u00fablicos)<\/p>\n\n\n\n<p>\u2022 <strong>Portaria n\u00ba 1164\u2010A\/2007 <\/strong>\u2010 aprova o modelo de aviso, a instalar em local vis\u00edvel nos t\u00e1xis que possuam videovigil\u00e2ncia (t\u00e1xis)<\/p>\n\n\n\n<p>\u2022 <strong>Lei n\u00ba 33\/2007 <\/strong>\u2010 regula a instala\u00e7\u00e3o e utiliza\u00e7\u00e3o de sistemas de videovigil\u00e2ncia em t\u00e1xis (t\u00e1xis)<\/p>\n\n\n\n<p>\u2022 <strong>Lei n\u00ba 51\/2006 <\/strong>\u2010 regula a instala\u00e7\u00e3o e utiliza\u00e7\u00e3o de vigil\u00e2ncia eletr\u00f3nica rodovi\u00e1ria (autoestradas)<\/p>\n\n\n\n<p>\u2022 <strong>Decreto\u2010lei n\u00ba 207\/2005 <\/strong>\u2010 regula os procedimentos relativos \u00e0 instala\u00e7\u00e3o de sistemas de vigil\u00e2ncia rodovi\u00e1ria (autoestradas)<\/p>\n\n\n\n<p>\u2022 <strong>Lei n.\u00ba 28\/2004<\/strong>, de 16 de Julho de 2004 \u2010 Reformula a Lei do Jogo, introduzindo normas de licenciamento e de utiliza\u00e7\u00e3o de equipamentos eletr\u00f3nicos de vigil\u00e2ncia (casinos)<\/p>\n\n\n\n<p>\u2022 <strong>Decreto\u2010Lei n\u00ba 422\/89 (ultima vers\u00e3o 12\u00aa \u2013 DL 98\/2018) <\/strong>\u2010 Estabelece quais os sistemas de seguran\u00e7a a ter em conta nos casinos e nas salas de jogos, designadamente no que respeita ao equipamento de vigil\u00e2ncia e controlo. Grava\u00e7\u00e3o de imagem. Avisos obrigat\u00f3rios (casinos)<\/p>\n\n\n\n<p><li><strong>Lei n\u00ba 41\/2015<\/strong> \u2013 Estabelece o regime aplic\u00e1vel ao exerc\u00edcio da atividade de constru\u00e7\u00e3o<\/li><\/p>\n","protected":false},"excerpt":{"rendered":"<p>\u00cdNDICE A Sec\u00e7\u00e3o de Security ainda n\u00e3o est\u00e1 atualizada com a ultima portaria 292\/2020 (que entrou em vigor no dia 16 de fevereiro de 2021) devido a esta ainda levantar in\u00fameras quest\u00f5es ainda n\u00e3o respondidas. LEGISLA\u00c7\u00c3O APLIC\u00c1VEL \u2022 Lei n\u00ba 46\/2019 que altera a Lei n\u00ba 34\/2013 \u2010 Estabelece o regime do exerc\u00edcio da atividade &hellip; <a href=\"https:\/\/incendio.pt\/security\/\" class=\"more-link\">Continuar a ler<span class=\"screen-reader-text\">Seguran\u00e7a Eletr\u00f3nica<\/span> <span class=\"meta-nav\">&rarr;<\/span><\/a><\/p>\n","protected":false},"author":1,"featured_media":0,"parent":0,"menu_order":0,"comment_status":"closed","ping_status":"closed","template":"info.php","meta":[],"_links":{"self":[{"href":"https:\/\/incendio.pt\/security\/wp-json\/wp\/v2\/pages\/8"}],"collection":[{"href":"https:\/\/incendio.pt\/security\/wp-json\/wp\/v2\/pages"}],"about":[{"href":"https:\/\/incendio.pt\/security\/wp-json\/wp\/v2\/types\/page"}],"author":[{"embeddable":true,"href":"https:\/\/incendio.pt\/security\/wp-json\/wp\/v2\/users\/1"}],"replies":[{"embeddable":true,"href":"https:\/\/incendio.pt\/security\/wp-json\/wp\/v2\/comments?post=8"}],"version-history":[{"count":25,"href":"https:\/\/incendio.pt\/security\/wp-json\/wp\/v2\/pages\/8\/revisions"}],"predecessor-version":[{"id":361,"href":"https:\/\/incendio.pt\/security\/wp-json\/wp\/v2\/pages\/8\/revisions\/361"}],"wp:attachment":[{"href":"https:\/\/incendio.pt\/security\/wp-json\/wp\/v2\/media?parent=8"}],"curies":[{"name":"wp","href":"https:\/\/api.w.org\/{rel}","templated":true}]}}