{"id":251,"date":"2020-08-05T21:13:37","date_gmt":"2020-08-05T21:13:37","guid":{"rendered":"https:\/\/incendio.pt\/manual-seguranca\/?page_id=251"},"modified":"2021-12-30T15:12:13","modified_gmt":"2021-12-30T15:12:13","slug":"seguranca-contra-incendios-em-edificios","status":"publish","type":"page","link":"https:\/\/incendio.pt\/manual-seguranca\/","title":{"rendered":"SEGURAN\u00c7A CONTRA INC\u00caNDIOS EM EDIF\u00cdCIOS"},"content":{"rendered":"\n<figure class=\"wp-block-image size-full\"><img loading=\"lazy\" width=\"1280\" height=\"960\" src=\"https:\/\/incendio.pt\/manual-seguranca\/wp-content\/uploads\/2020\/08\/burn-baby-burn-1229975-1280x960-1.jpg\" alt=\"\" class=\"wp-image-394\" srcset=\"https:\/\/incendio.pt\/manual-seguranca\/wp-content\/uploads\/2020\/08\/burn-baby-burn-1229975-1280x960-1.jpg 1280w, https:\/\/incendio.pt\/manual-seguranca\/wp-content\/uploads\/2020\/08\/burn-baby-burn-1229975-1280x960-1-600x450.jpg 600w, https:\/\/incendio.pt\/manual-seguranca\/wp-content\/uploads\/2020\/08\/burn-baby-burn-1229975-1280x960-1-768x576.jpg 768w\" sizes=\"(max-width: 1280px) 100vw, 1280px\" \/><\/figure>\n\n\n\n<h2 class=\"has-text-align-center has-text-color\" style=\"color:#d05d5d\">\u00cdNDICE<\/h2>\n\n\n<ul class=\"wp-block-categories-list alignleft wp-block-categories\">\t<li class=\"cat-item cat-item-107\"><a href=\"https:\/\/incendio.pt\/manual-seguranca\/category\/maps\/\">Medidas de Autoprote\u00e7\u00e3o<\/a>\n<\/li>\n\t<li class=\"cat-item cat-item-116\"><a href=\"https:\/\/incendio.pt\/manual-seguranca\/category\/simbologia-sinalizacao\/\">Simbologia e Sinaliza\u00e7\u00e3o<\/a>\n<\/li>\n\t<li class=\"cat-item cat-item-117\"><a href=\"https:\/\/incendio.pt\/manual-seguranca\/category\/detecao-sinalizacao\/\">Dete\u00e7\u00e3o e Sinaliza\u00e7\u00e3o El\u00e9tronica<\/a>\n<\/li>\n\t<li class=\"cat-item cat-item-118\"><a href=\"https:\/\/incendio.pt\/manual-seguranca\/category\/primeira-intervencao\/\">Meios de 1\u00aa Interven\u00e7\u00e3o<\/a>\n<\/li>\n\t<li class=\"cat-item cat-item-122\"><a href=\"https:\/\/incendio.pt\/manual-seguranca\/category\/segund-intervencao\/\">Meios de 2\u00aa Interven\u00e7\u00e3o<\/a>\n<\/li>\n\t<li class=\"cat-item cat-item-123\"><a href=\"https:\/\/incendio.pt\/manual-seguranca\/category\/extincao\/\">Extin\u00e7\u00e3o de Inc\u00eandios<\/a>\n<\/li>\n\t<li class=\"cat-item cat-item-124\"><a href=\"https:\/\/incendio.pt\/manual-seguranca\/category\/fumos\/\">Controlo de Fumos<\/a>\n<\/li>\n\t<li class=\"cat-item cat-item-125\"><a href=\"https:\/\/incendio.pt\/manual-seguranca\/category\/compartimentacao\/\">Compartimenta\u00e7\u00e3o e Isolamento<\/a>\n<\/li>\n\t<li class=\"cat-item cat-item-128\"><a href=\"https:\/\/incendio.pt\/manual-seguranca\/category\/vias-passagens\/\">Vias e Passagens<\/a>\n<\/li>\n\t<li class=\"cat-item cat-item-121\"><a href=\"https:\/\/incendio.pt\/manual-seguranca\/category\/legislacao\/\">Notas T\u00e9cnicas e Normas<\/a>\n<\/li>\n<\/ul>\n\n\n<div class=\"wp-container-1 wp-block-group\"><div class=\"wp-block-group__inner-container\">\n<hr class=\"wp-block-separator\"\/>\n<\/div><\/div>\n\n\n\n<h1 class=\"has-text-align-center has-black-color has-text-color\">LEGISLA\u00c7\u00c3O APLICAVEL<\/h1>\n\n\n\n<ul><li><a href=\"http:\/\/incendio.pt\/documentos\/safety\/1 Lei 123 2019 RJ-SCIE.pdf\"><strong>Lei 123\/2019 de 18 de outubro \u2013 (RJ-SCIE)<\/strong> altera o Decreto-lei n.\u00ba 220\/2008  e o  Decreto-Lei n\u00ba 224\/2015 \u2013 Regime Jur\u00eddico para a Seguran\u00e7a Contra Inc\u00eandios em Ed<\/a><a href=\"http:\/\/incendio.pt\/documentos\/safety\/1 Lei 123 2019 RJ-SCIE.pdf\" data-type=\"URL\" data-id=\"http:\/\/incendio.pt\/documentos\/safety\/1 Lei 123 2019 RJ-SCIE.pdf\">if\u00edcios<\/a><\/li><\/ul>\n\n\n\n<ul><li><a href=\"http:\/\/incendio.pt\/documentos\/safety\/2 Portaria 135 2020 RT-SCIE.pdf\" data-type=\"URL\"><strong>Portaria 135\/2020 de 2 de junho 2020<\/strong> &#8211; <strong>(RT-SCIE)<\/strong> altera a Portaria n.\u00ba 1532\/2008 \u2013 Regulamento T\u00e9cnico para a Seguran\u00e7a Contra Inc\u00eandios em Edif\u00edcios<\/a><\/li><li><strong><a href=\"http:\/\/incendio.pt\/documentos\/safety\/2.1 Declaracao_retificacao_26_2020.pdf\">Declara\u00e7\u00e3o de Retifica\u00e7\u00e3o n.\u00ba 26\/2020 (retifica a Portaria 135\/2020)<\/a><\/strong><\/li><\/ul>\n\n\n\n<ul><li><a href=\"http:\/\/incendio.pt\/documentos\/safety\/3 Lei 95-2021 Utilizacao pelas forcas de seguranca e ANEPC de sistemas de videovigilancia e bodycams.pdf\"><strong>Lei 95-2021<\/strong> &#8211; Utiliza\u00e7\u00e3o pelas for\u00e7as de seguran\u00e7a e ANEPC de sistemas de videovigil\u00e2ncia e bodycams<\/a><\/li><\/ul>\n\n\n\n<ul><li><a href=\"http:\/\/incendio.pt\/documentos\/safety\/4 Portaria_208_2020 Procedimento de registo na ANEPC das entidades.pdf\"><strong>Portaria 208\/2020<\/strong> que altera a  <strong>Portaria n.\u00ba 773\/2009  <\/strong>&#8211; Registo de entidades de com\u00e9rcio e instala\u00e7\u00e3o de equipamentos em SCIE<\/a><\/li><\/ul>\n\n\n\n<ul><li><a href=\"http:\/\/incendio.pt\/documentos\/safety\/\"><strong>Despacho n.\u00ba 11832\/2021 &#8211; <\/strong>Reconhecimento da capacidade t\u00e9cnica dos t\u00e9cnicos respons\u00e1veis pela comercializa\u00e7\u00e3o, instala\u00e7\u00e3o ou manuten\u00e7\u00e3o dos equipamentos e sistemas de seguran\u00e7a contra inc\u00eandio em edificios<\/a>   <\/li><\/ul>\n\n\n\n<ul><li><a href=\"http:\/\/incendio.pt\/documentos\/safety\/5 Decreto Lei 23 2014 Regime de funcionamento dos espet\u00e1culos de natureza art\u00edstica.pdf\"><strong>Decreto-Lei 23\/2014<\/strong> Regime de funcionamento dos espet\u00e1culos de natureza art\u00edstica <\/a><\/li><\/ul>\n\n\n\n<ul><li><a href=\"http:\/\/incendio.pt\/documentos\/safety\/6 Lei_96 2021 Determina a obrigatoriedade da instala\u00e7\u00e3o de sistema de dete\u00e7\u00e3o de inc\u00eandio em.pdf\"><strong>Lei 96\/2021<\/strong> Determina a obrigatoriedade da instala\u00e7\u00e3o de sistemas de dete\u00e7\u00e3o de inc\u00eandio em explora\u00e7\u00f5es pecu\u00e1rias<\/a><\/li><\/ul>\n\n\n\n<ul><li><a href=\"http:\/\/incendio.pt\/documentos\/safety\/7 Despacho_n.\u00ba_65352020 Autoriza\u00e7\u00e3o de utiliza\u00e7\u00e3o de c\u00e2maras de videovigil\u00e2ncia para prote\u00e7\u00e3o florestal.pdf\"><strong>Despacho n.\u00ba 65352020<\/strong> &#8211; Autoriza\u00e7\u00e3o de utiliza\u00e7\u00e3o de c\u00e2maras de videovigil\u00e2ncia para prote\u00e7\u00e3o florestal<\/a><\/li><\/ul>\n\n\n\n<ul><li><a href=\"http:\/\/incendio.pt\/documentos\/safety\/8 Decreto Lei 44 2019 Transferecia de competencias para os municipios.pdf\"><strong>Decreto-Lei n.\u00ba 44\/2019<\/strong>, de 1 de abril &#8211; Concretiza a transfer\u00eancia de compet\u00eancias para os \u00f3rg\u00e3os municipais no dom\u00ednio da prote\u00e7\u00e3o civil, ao abrigo das al\u00edneas a) e d) do artigo 14.\u00ba da Lei n.\u00ba 50\/2018, de 16 de agosto.<\/a><\/li><\/ul>\n\n\n\n<ul><li><a href=\"http:\/\/incendio.pt\/documentos\/safety\/9 Decreto-Lei n 145-2017 Regulamento de gases fluorados com efeito de estufa.pdf\"><strong>Decreto-Lei n 145-2017<\/strong> &#8211; Regulamento de gases fluorados com efeito de estufa<\/a><\/li><\/ul>\n\n\n\n<ul><li><a href=\"http:\/\/incendio.pt\/documentos\/safety\/10 Decreto Lei 95 2019 Estabelece o regime aplic\u00e1vel \u00e0 reabilita\u00e7\u00e3o de edif\u00edcios ou fra\u00e7\u00f5es aut\u00f3nomas.pdf\"><strong>Decreto-Lei n.\u00ba 95\/2019 &#8211; <\/strong>Estabelece o regime aplic\u00e1vel \u00e0 reabilita\u00e7\u00e3o de edif\u00edcios ou fra\u00e7\u00f5es aut\u00f3nomas<\/a><\/li><\/ul>\n\n\n\n<ul><li><a href=\"http:\/\/incendio.pt\/documentos\/safety\/11 Lei 62 2018 Regime jur\u00eddico da explora\u00e7\u00e3o dos estabelecimentos de alojamento local .pdf\"><strong>Lei n\u00ba 62\/2018<\/strong> &#8211; Regime jur\u00eddico da explora\u00e7\u00e3o dos estabelecimentos de alojamento local<\/a><\/li><\/ul>\n\n\n\n<ul><li><a href=\"http:\/\/incendio.pt\/documentos\/safety\/12 Despacho_8954 2020-Criterios Determinacao Densidade de Carga de Incendio Modificada.pdf\"><strong>Despacho n.\u00ba 8954\/2020 &#8211;<\/strong> Crit\u00e9rios t\u00e9cnicos para determina\u00e7\u00e3o da densidade de carga de inc\u00eandio modificada.<\/a><\/li><\/ul>\n\n\n\n<ul><li><strong>Despacho n.\u00ba 12037\/2013<\/strong> de 19 de Setembro de 2013 &#8211; Aprova\u00e7\u00e3o da <strong>Nota T\u00e9cnica N.\u00ba 8<\/strong> &#8211; Grau de Prontid\u00e3o dos Meios de Socorro.<\/li><\/ul>\n\n\n\n<ul><li><strong>Despacho n\u00ba 12605\/2013<\/strong> de 3 de Outubro de 2013 &#8211; Aprova\u00e7\u00e3o da <strong>Nota T\u00e9cnica 13<\/strong> &#8211; redes secas e h\u00famidas.<\/li><\/ul>\n\n\n\n<ul><li><strong>Despacho n\u00ba 13042\/2013<\/strong> de 14 de Outubro de 2013 &#8211; Aprova\u00e7\u00e3o da <strong>Nota T\u00e9cnica 14<\/strong> &#8211; Fontes Abastecedoras de \u00c1gua para o Servi\u00e7o de Inc\u00eandio (SI).<\/li><\/ul>\n\n\n\n<ul><li><strong>Despacho n\u00ba 14903\/2013<\/strong> de 18 de Novembro de 2013 &#8211; Aprova\u00e7\u00e3o da <strong>Nota T\u00e9cnica 15<\/strong> &#8211; Centrais de Bombagem para o Servi\u00e7o de Inc\u00eandio.<\/li><\/ul>\n","protected":false},"excerpt":{"rendered":"<p>\u00cdNDICE LEGISLA\u00c7\u00c3O APLICAVEL Lei 123\/2019 de 18 de outubro \u2013 (RJ-SCIE) altera o Decreto-lei n.\u00ba 220\/2008 e o Decreto-Lei n\u00ba 224\/2015 \u2013 Regime Jur\u00eddico para a Seguran\u00e7a Contra Inc\u00eandios em Edif\u00edcios Portaria 135\/2020 de 2 de junho 2020 &#8211; (RT-SCIE) altera a Portaria n.\u00ba 1532\/2008 \u2013 Regulamento T\u00e9cnico para a Seguran\u00e7a Contra Inc\u00eandios em Edif\u00edcios &hellip; <a href=\"https:\/\/incendio.pt\/manual-seguranca\/\" class=\"more-link\">Continuar a ler<span class=\"screen-reader-text\">SEGURAN\u00c7A CONTRA INC\u00caNDIOS EM EDIF\u00cdCIOS<\/span> <span class=\"meta-nav\">&rarr;<\/span><\/a><\/p>\n","protected":false},"author":1,"featured_media":0,"parent":0,"menu_order":0,"comment_status":"closed","ping_status":"closed","template":"info.php","meta":[],"_links":{"self":[{"href":"https:\/\/incendio.pt\/manual-seguranca\/wp-json\/wp\/v2\/pages\/251"}],"collection":[{"href":"https:\/\/incendio.pt\/manual-seguranca\/wp-json\/wp\/v2\/pages"}],"about":[{"href":"https:\/\/incendio.pt\/manual-seguranca\/wp-json\/wp\/v2\/types\/page"}],"author":[{"embeddable":true,"href":"https:\/\/incendio.pt\/manual-seguranca\/wp-json\/wp\/v2\/users\/1"}],"replies":[{"embeddable":true,"href":"https:\/\/incendio.pt\/manual-seguranca\/wp-json\/wp\/v2\/comments?post=251"}],"version-history":[{"count":36,"href":"https:\/\/incendio.pt\/manual-seguranca\/wp-json\/wp\/v2\/pages\/251\/revisions"}],"predecessor-version":[{"id":844,"href":"https:\/\/incendio.pt\/manual-seguranca\/wp-json\/wp\/v2\/pages\/251\/revisions\/844"}],"wp:attachment":[{"href":"https:\/\/incendio.pt\/manual-seguranca\/wp-json\/wp\/v2\/media?parent=251"}],"curies":[{"name":"wp","href":"https:\/\/api.w.org\/{rel}","templated":true}]}}